{"id":4,"date":"2014-02-10T15:54:14","date_gmt":"2014-02-10T14:54:14","guid":{"rendered":"http:\/\/www.logerenbijderuimte.nl\/?page_id=4"},"modified":"2025-09-08T09:04:50","modified_gmt":"2025-09-08T08:04:50","slug":"mogelijkheden","status":"publish","type":"page","link":"https:\/\/www.logerenbijderuimte.nl\/?page_id=4","title":{"rendered":"Mogelijkheden"},"content":{"rendered":"<h1>E\u00e9n tweepersoonskamer met eigen douche en toilet.<\/h1>\n<h1>E\u00e9n \u00e9\u00e9npersoonskamer met douche en toilet in de gang tegenover de kamer.<\/h1>\n<h1>De gasten van beide kamers kunnen gebruik maken van onze gemeenschappelijke ruimte met kookgelegenheid en koelkast.<\/h1>\n<h1>Roken is niet toegestaan in het gastenverblijf. Buiten is een overdekte rookgelegenheid met een aantal zitplaatsen.<\/h1>\n<h1>Neem <a href=\"https:\/\/www.logerenbijderuimte.nl\/?page_id=80\">contact<\/a> met ons op voor de actuele tarieven en beschikbaarheid.<\/h1>\n<h1>Gratis Wifi<\/h1>\n<p><strong>Gratis Parkeren<\/strong><\/p>\n<h1>Vervoer van en naar station Wolvega: <strong><a href=\"\/\/m.9292.nl\/station-wolvega?tab=bus\" target=\"_blank\" rel=\"noopener\">Bus<\/a><\/strong> 116 richting Oosterwolde ieder uur. <strong>Belbus<\/strong> vanaf 20.30-22.30 en zaterdag en zondag \u00a0en tijdens schoolvakanties een uur van te voren. Gratis telefoonnummer belbus: <strong>0800-2802803 \u00a0 \u00a0 \u00a0 \u00a0 \u00a0 \u00a0 \u00a0 \u00a0 \u00a0 \u00a0 \u00a0 \u00a0 \u00a0 \u00a0 \u00a0 \u00a0 \u00a0 \u00a0 \u00a0 \u00a0 \u00a0 \u00a0 \u00a0 \u00a0 \u00a0 \u00a0 \u00a0 \u00a0 \u00a0 \u00a0 <\/strong><\/h1>\n<h1>Het is ook mogelijk<strong><a href=\"\/\/\/\/www.weermanfietsen.eu\/index.php?op=viewpage&amp;page=2\" target=\"_blank\" rel=\"noopener\"> fietsen<\/a><\/strong> te huren in Wolvega<\/h1>\n<h1>\u00a0<\/h1>\n\n\n<figure class=\"wp-block-image size-large\"><a href=\"https:\/\/www.logerenbijderuimte.nl\/wp-content\/uploads\/de-ruimte.jpg\"><img loading=\"lazy\" decoding=\"async\" width=\"1024\" height=\"768\" src=\"https:\/\/www.logerenbijderuimte.nl\/wp-content\/uploads\/de-ruimte-1024x768.jpg\" alt=\"\" class=\"wp-image-191\" srcset=\"https:\/\/www.logerenbijderuimte.nl\/wp-content\/uploads\/de-ruimte-1024x768.jpg 1024w, https:\/\/www.logerenbijderuimte.nl\/wp-content\/uploads\/de-ruimte-300x225.jpg 300w, https:\/\/www.logerenbijderuimte.nl\/wp-content\/uploads\/de-ruimte-768x576.jpg 768w, https:\/\/www.logerenbijderuimte.nl\/wp-content\/uploads\/de-ruimte-1536x1152.jpg 1536w, https:\/\/www.logerenbijderuimte.nl\/wp-content\/uploads\/de-ruimte-2048x1536.jpg 2048w, https:\/\/www.logerenbijderuimte.nl\/wp-content\/uploads\/de-ruimte-400x300.jpg 400w\" sizes=\"auto, (max-width: 1024px) 100vw, 1024px\" \/><\/a><\/figure>\n","protected":false},"excerpt":{"rendered":"<p>E\u00e9n tweepersoonskamer met eigen douche en toilet. E\u00e9n \u00e9\u00e9npersoonskamer met douche en toilet in de gang tegenover de kamer. De gasten van beide kamers kunnen gebruik maken van onze gemeenschappelijke ruimte met kookgelegenheid en koelkast. Roken is niet toegestaan in &hellip; <a href=\"https:\/\/www.logerenbijderuimte.nl\/?page_id=4\">Lees verder <span class=\"meta-nav\">&rarr;<\/span><\/a><\/p>\n","protected":false},"author":1,"featured_media":0,"parent":0,"menu_order":0,"comment_status":"closed","ping_status":"closed","template":"","meta":{"footnotes":""},"class_list":["post-4","page","type-page","status-publish","hentry"],"yoast_head":"<!-- This site is optimized with the Yoast SEO plugin v24.1 - https:\/\/yoast.com\/wordpress\/plugins\/seo\/ -->\n<title>Mogelijkheden - Logeren bij de Ruimte<\/title>\n<meta name=\"robots\" content=\"index, follow, max-snippet:-1, max-image-preview:large, max-video-preview:-1\" \/>\n<link rel=\"canonical\" href=\"https:\/\/www.logerenbijderuimte.nl\/?page_id=4\" \/>\n<meta property=\"og:locale\" content=\"nl_NL\" \/>\n<meta property=\"og:type\" content=\"article\" \/>\n<meta property=\"og:title\" content=\"Mogelijkheden - Logeren bij de Ruimte\" \/>\n<meta property=\"og:description\" content=\"E\u00e9n tweepersoonskamer met eigen douche en toilet. E\u00e9n \u00e9\u00e9npersoonskamer met douche en toilet in de gang tegenover de kamer. De gasten van beide kamers kunnen gebruik maken van onze gemeenschappelijke ruimte met kookgelegenheid en koelkast. Roken is niet toegestaan in &hellip; Lees verder &rarr;\" \/>\n<meta property=\"og:url\" content=\"https:\/\/www.logerenbijderuimte.nl\/?page_id=4\" \/>\n<meta property=\"og:site_name\" content=\"Logeren bij de Ruimte\" \/>\n<meta property=\"article:modified_time\" content=\"2025-09-08T08:04:50+00:00\" \/>\n<meta property=\"og:image\" content=\"https:\/\/www.logerenbijderuimte.nl\/wp-content\/uploads\/de-ruimte.jpg\" \/>\n\t<meta property=\"og:image:width\" content=\"2560\" \/>\n\t<meta property=\"og:image:height\" content=\"1920\" \/>\n\t<meta property=\"og:image:type\" content=\"image\/jpeg\" \/>\n<meta name=\"twitter:card\" content=\"summary_large_image\" \/>\n<meta name=\"twitter:label1\" content=\"Geschatte leestijd\" \/>\n\t<meta name=\"twitter:data1\" content=\"1 minuut\" \/>\n<script type=\"application\/ld+json\" class=\"yoast-schema-graph\">{\"@context\":\"https:\/\/schema.org\",\"@graph\":[{\"@type\":\"WebPage\",\"@id\":\"https:\/\/www.logerenbijderuimte.nl\/?page_id=4\",\"url\":\"https:\/\/www.logerenbijderuimte.nl\/?page_id=4\",\"name\":\"Mogelijkheden - Logeren bij de Ruimte\",\"isPartOf\":{\"@id\":\"https:\/\/www.logerenbijderuimte.nl\/#website\"},\"primaryImageOfPage\":{\"@id\":\"https:\/\/www.logerenbijderuimte.nl\/?page_id=4#primaryimage\"},\"image\":{\"@id\":\"https:\/\/www.logerenbijderuimte.nl\/?page_id=4#primaryimage\"},\"thumbnailUrl\":\"https:\/\/www.logerenbijderuimte.nl\/wp-content\/uploads\/de-ruimte-1024x768.jpg\",\"datePublished\":\"2014-02-10T14:54:14+00:00\",\"dateModified\":\"2025-09-08T08:04:50+00:00\",\"breadcrumb\":{\"@id\":\"https:\/\/www.logerenbijderuimte.nl\/?page_id=4#breadcrumb\"},\"inLanguage\":\"nl-NL\",\"potentialAction\":[{\"@type\":\"ReadAction\",\"target\":[\"https:\/\/www.logerenbijderuimte.nl\/?page_id=4\"]}]},{\"@type\":\"ImageObject\",\"inLanguage\":\"nl-NL\",\"@id\":\"https:\/\/www.logerenbijderuimte.nl\/?page_id=4#primaryimage\",\"url\":\"https:\/\/www.logerenbijderuimte.nl\/wp-content\/uploads\/de-ruimte.jpg\",\"contentUrl\":\"https:\/\/www.logerenbijderuimte.nl\/wp-content\/uploads\/de-ruimte.jpg\",\"width\":2560,\"height\":1920},{\"@type\":\"BreadcrumbList\",\"@id\":\"https:\/\/www.logerenbijderuimte.nl\/?page_id=4#breadcrumb\",\"itemListElement\":[{\"@type\":\"ListItem\",\"position\":1,\"name\":\"Home\",\"item\":\"https:\/\/www.logerenbijderuimte.nl\/\"},{\"@type\":\"ListItem\",\"position\":2,\"name\":\"Mogelijkheden\"}]},{\"@type\":\"WebSite\",\"@id\":\"https:\/\/www.logerenbijderuimte.nl\/#website\",\"url\":\"https:\/\/www.logerenbijderuimte.nl\/\",\"name\":\"Logeren bij de Ruimte\",\"description\":\"B&amp;B in Weststellingwerf (Zuid-Oost Friesland)\",\"potentialAction\":[{\"@type\":\"SearchAction\",\"target\":{\"@type\":\"EntryPoint\",\"urlTemplate\":\"https:\/\/www.logerenbijderuimte.nl\/?s={search_term_string}\"},\"query-input\":{\"@type\":\"PropertyValueSpecification\",\"valueRequired\":true,\"valueName\":\"search_term_string\"}}],\"inLanguage\":\"nl-NL\"}]}<\/script>\n<!-- \/ Yoast SEO plugin. -->","yoast_head_json":{"title":"Mogelijkheden - Logeren bij de Ruimte","robots":{"index":"index","follow":"follow","max-snippet":"max-snippet:-1","max-image-preview":"max-image-preview:large","max-video-preview":"max-video-preview:-1"},"canonical":"https:\/\/www.logerenbijderuimte.nl\/?page_id=4","og_locale":"nl_NL","og_type":"article","og_title":"Mogelijkheden - Logeren bij de Ruimte","og_description":"E\u00e9n tweepersoonskamer met eigen douche en toilet. E\u00e9n \u00e9\u00e9npersoonskamer met douche en toilet in de gang tegenover de kamer. De gasten van beide kamers kunnen gebruik maken van onze gemeenschappelijke ruimte met kookgelegenheid en koelkast. Roken is niet toegestaan in &hellip; Lees verder &rarr;","og_url":"https:\/\/www.logerenbijderuimte.nl\/?page_id=4","og_site_name":"Logeren bij de Ruimte","article_modified_time":"2025-09-08T08:04:50+00:00","og_image":[{"width":2560,"height":1920,"url":"https:\/\/www.logerenbijderuimte.nl\/wp-content\/uploads\/de-ruimte.jpg","type":"image\/jpeg"}],"twitter_card":"summary_large_image","twitter_misc":{"Geschatte leestijd":"1 minuut"},"schema":{"@context":"https:\/\/schema.org","@graph":[{"@type":"WebPage","@id":"https:\/\/www.logerenbijderuimte.nl\/?page_id=4","url":"https:\/\/www.logerenbijderuimte.nl\/?page_id=4","name":"Mogelijkheden - Logeren bij de Ruimte","isPartOf":{"@id":"https:\/\/www.logerenbijderuimte.nl\/#website"},"primaryImageOfPage":{"@id":"https:\/\/www.logerenbijderuimte.nl\/?page_id=4#primaryimage"},"image":{"@id":"https:\/\/www.logerenbijderuimte.nl\/?page_id=4#primaryimage"},"thumbnailUrl":"https:\/\/www.logerenbijderuimte.nl\/wp-content\/uploads\/de-ruimte-1024x768.jpg","datePublished":"2014-02-10T14:54:14+00:00","dateModified":"2025-09-08T08:04:50+00:00","breadcrumb":{"@id":"https:\/\/www.logerenbijderuimte.nl\/?page_id=4#breadcrumb"},"inLanguage":"nl-NL","potentialAction":[{"@type":"ReadAction","target":["https:\/\/www.logerenbijderuimte.nl\/?page_id=4"]}]},{"@type":"ImageObject","inLanguage":"nl-NL","@id":"https:\/\/www.logerenbijderuimte.nl\/?page_id=4#primaryimage","url":"https:\/\/www.logerenbijderuimte.nl\/wp-content\/uploads\/de-ruimte.jpg","contentUrl":"https:\/\/www.logerenbijderuimte.nl\/wp-content\/uploads\/de-ruimte.jpg","width":2560,"height":1920},{"@type":"BreadcrumbList","@id":"https:\/\/www.logerenbijderuimte.nl\/?page_id=4#breadcrumb","itemListElement":[{"@type":"ListItem","position":1,"name":"Home","item":"https:\/\/www.logerenbijderuimte.nl\/"},{"@type":"ListItem","position":2,"name":"Mogelijkheden"}]},{"@type":"WebSite","@id":"https:\/\/www.logerenbijderuimte.nl\/#website","url":"https:\/\/www.logerenbijderuimte.nl\/","name":"Logeren bij de Ruimte","description":"B&amp;B in Weststellingwerf (Zuid-Oost Friesland)","potentialAction":[{"@type":"SearchAction","target":{"@type":"EntryPoint","urlTemplate":"https:\/\/www.logerenbijderuimte.nl\/?s={search_term_string}"},"query-input":{"@type":"PropertyValueSpecification","valueRequired":true,"valueName":"search_term_string"}}],"inLanguage":"nl-NL"}]}},"_links":{"self":[{"href":"https:\/\/www.logerenbijderuimte.nl\/index.php?rest_route=\/wp\/v2\/pages\/4","targetHints":{"allow":["GET"]}}],"collection":[{"href":"https:\/\/www.logerenbijderuimte.nl\/index.php?rest_route=\/wp\/v2\/pages"}],"about":[{"href":"https:\/\/www.logerenbijderuimte.nl\/index.php?rest_route=\/wp\/v2\/types\/page"}],"author":[{"embeddable":true,"href":"https:\/\/www.logerenbijderuimte.nl\/index.php?rest_route=\/wp\/v2\/users\/1"}],"replies":[{"embeddable":true,"href":"https:\/\/www.logerenbijderuimte.nl\/index.php?rest_route=%2Fwp%2Fv2%2Fcomments&post=4"}],"version-history":[{"count":18,"href":"https:\/\/www.logerenbijderuimte.nl\/index.php?rest_route=\/wp\/v2\/pages\/4\/revisions"}],"predecessor-version":[{"id":318,"href":"https:\/\/www.logerenbijderuimte.nl\/index.php?rest_route=\/wp\/v2\/pages\/4\/revisions\/318"}],"wp:attachment":[{"href":"https:\/\/www.logerenbijderuimte.nl\/index.php?rest_route=%2Fwp%2Fv2%2Fmedia&parent=4"}],"curies":[{"name":"wp","href":"https:\/\/api.w.org\/{rel}","templated":true}]}}